{"id":207,"date":"2019-11-18T10:13:04","date_gmt":"2019-11-18T09:13:04","guid":{"rendered":"http:\/\/192.168.6.161\/wppintane\/?page_id=207"},"modified":"2022-11-18T11:13:53","modified_gmt":"2022-11-18T10:13:53","slug":"aviso-legal","status":"publish","type":"page","link":"https:\/\/www.bpintane.com\/index.php\/aviso-legal\/","title":{"rendered":"Aviso Legal"},"content":{"rendered":"\t\t<div data-elementor-type=\"wp-page\" data-elementor-id=\"207\" class=\"elementor elementor-207\">\n\t\t\t\t\t\t\t\t\t<section class=\"elementor-section elementor-top-section elementor-element elementor-element-56a6a55 elementor-section-boxed elementor-section-height-default elementor-section-height-default\" data-id=\"56a6a55\" data-element_type=\"section\">\n\t\t\t\t\t\t<div class=\"elementor-container elementor-column-gap-default\">\n\t\t\t\t\t<div class=\"elementor-column elementor-col-100 elementor-top-column elementor-element elementor-element-39163e0\" data-id=\"39163e0\" data-element_type=\"column\">\n\t\t\t<div class=\"elementor-widget-wrap elementor-element-populated\">\n\t\t\t\t\t\t\t\t<div class=\"elementor-element elementor-element-1ce3240 elementor-widget elementor-widget-text-editor\" data-id=\"1ce3240\" data-element_type=\"widget\" data-widget_type=\"text-editor.default\">\n\t\t\t\t<div class=\"elementor-widget-container\">\n\t\t\t\t\t\t\t<p>En cumplimiento de la Ley 34\/2002, de 11 de junio, de servicios de la sociedad de la informaci\u00f3n y de comercio electr\u00f3nico (LSSI), le facilitamos informaci\u00f3n sobre el titular de la presente p\u00e1gina web:<\/p>\n<p>BEL\u00c9N PE\u00d1A PINTAN\u00c9<\/p>\n<p>CIF: 32824279J<\/p>\n<p>JUAN FL\u00d3REZ, N\u00ba 36, 1\u00ba F &#8211; 15004 A CORU\u00d1A (A CORU\u00d1A)<\/p>\n<p>REGISTRO MERCANTIL: (n\u00famero de inscripci\u00f3n que corresponda)<\/p>\n<p>Psic\u00f3loga General Sanitaria acreditada por el Colegio Oficial de Psic\u00f3logos (colegiada n\u00ba G255) y n\u00ba de registro sanitario C-15-002926.<\/p>\n\n<h3>1. Condiciones generales de uso del portal<\/h3>\n<p>El portal www.bpintane.com tiene por objeto informar al p\u00fablico en general sobre sus productos\/servicios.<\/p>\n<p>La visita y uso de este portal web implica la aceptaci\u00f3n total y expresa de las condiciones expuestas en el presente aviso legal, por lo que al utilizar esta p\u00e1gina web, usted consiente quedar vinculado por estas condiciones, por nuestra Pol\u00edtica de Privacidad y Cookies, por lo que si no est\u00e1 usted de acuerdo con todas las condiciones expuestas en nuestro Aviso Legal, Pol\u00edtica de Privacidad y Cookies, no debe usar esta p\u00e1gina web.<\/p>\n<p>BEL\u00c9N PE\u00d1A PINTAN\u00c9 se reserva el derecho de efectuar, sin previo aviso, las modificaciones que considere oportunas en su portal, pudiendo cambiar, suprimir, a\u00f1adir o actualizar la informaci\u00f3n contenida en su Web o en la configuraci\u00f3n y presentaci\u00f3n de \u00e9sta.<\/p>\n<p>Le recomendamos comprobar la vigencia y exactitud de los contenidos del presente aviso legal, puesto que puede ser modificado, con el fin de mantener actualizada la informaci\u00f3n publicada en el portal.<\/p>\n<p>La vigencia de las condiciones de uso ir\u00e1 en funci\u00f3n de los cambios que vayan resultando necesarios en la p\u00e1gina web. Siempre se publicar\u00e1n las modificaciones oportunas.<\/p>\n<h3>2. Protecci\u00f3n de datos<\/h3>\n<div>\n<p>BEL\u00c9N PE\u00d1A PINTAN\u00c9 cumple con las directrices de la normativa vigente en materia de protecci\u00f3n de datos: La Ley Org\u00e1nica 3\/2018, de 5 de diciembre, de Protecci\u00f3n de Datos Personales y garant\u00eda de los derechos digitales y el Reglamento General de Protecci\u00f3n de Datos 2016\/679 del Parlamento Europeo y del Consejo de 27 de abril de 2016 y se compromete a garantizar un correcto uso y tratamiento de datos de car\u00e1cter personal de los usuarios.<\/p>\n<p>Deber\u00e1 acceder a la Pol\u00edtica de Privacidad de BEL\u00c9N PE\u00d1A PINTAN\u00c9 en el siguiente enlace: www.bpintane.com, para obtener informaci\u00f3n sobre el tratamiento de sus datos de car\u00e1cter personal.<\/p>\n<h3>3. Propiedad intelectual e industrial<\/h3>\n<p>BEL\u00c9N PE\u00d1A PINTAN\u00c9 es la titular de todos los derechos de propiedad intelectual e industrial de los contenidos de su p\u00e1gina web, as\u00ed como de cualquier imagen, sonido, audio, video, software, textos, marcas o logotipos, etc. Y est\u00e1n protegidos por los correspondientes derechos de propiedad intelectual e industrial.<\/p>\n<p>Quedan expresamente prohibidas la reproducci\u00f3n, la comunicaci\u00f3n p\u00fablica y distribuci\u00f3n de cualquier contenido de esta p\u00e1gina web, con fines comerciales, en cualquier soporte y por cualquier medio t\u00e9cnico, sin la autorizaci\u00f3n previa y expresa de BEL\u00c9N PE\u00d1A PINTAN\u00c9.<\/p>\n<p>S\u00ed se autoriza al uso del contenido de la p\u00e1gina web como uso personal y privado. Cualquier otro uso deber\u00e1 ser comunicado y autorizado por BEL\u00c9N PE\u00d1A PINTAN\u00c9 previa y expresamente.<\/p>\n<h3>4. Responsabilidad<\/h3>\n<div>BEL\u00c9N PE\u00d1A PINTAN\u00c9 no garantiza la inexistencia de errores en el contenido de la web, ni que este se encuentre actualizado, aunque su intenci\u00f3n ser\u00e1 siempre la de evitarlos, subsanarlos o actualizarlos.<\/div>\n<div>BEL\u00c9N PE\u00d1A PINTAN\u00c9 no se hace responsable de los da\u00f1os y perjuicios de cualquier naturaleza que puedan causarle al sistema inform\u00e1tico del usuario de la p\u00e1gina web, como consecuencia de la presencia de virus o del mal funcionamiento del navegador.<\/div>\n<div>\n<h3>5. Enlaces<\/h3>\n<div>BEL\u00c9N PE\u00d1A PINTAN\u00c9 puede publicar enlaces externos y ajenos a esta p\u00e1gina web por considerarlos de inter\u00e9s. Al ser enlaces ajenos, BEL\u00c9N PE\u00d1A PINTAN\u00c9 no se hace responsable del contenido de esos hiperv\u00ednculos, ni garantiza su disponibilidad t\u00e9cnica, calidad, fiabilidad, exactitud y constitucionalidad de cualquier material o formaci\u00f3n contenida en los mismos.<\/div>\n<div>La inclusi\u00f3n de estos hiperv\u00ednculos no implica ning\u00fan tipo de asociaci\u00f3n con las entidades propietarias de los mismos.<\/div>\n<div>\n<h3>6. Derecho de exclusi\u00f3n<\/h3>\n<div>BEL\u00c9N PE\u00d1A PINTAN\u00c9 podr\u00e1 impedir el acceso a la web a cualquier usuario que incumpla las condiciones reflejadas en el presente aviso legal.<\/div>\n<\/div>\n<div>\n<h3>7. Legislaci\u00f3n aplicable y jurisdicci\u00f3n<\/h3>\n<div>\n<p>&#8211; Ley de Servicios de la Sociedad de Informaci\u00f3n y Comercio Electr\u00f3nico (LSSICE).<\/p>\n<p>&#8211; Ley Org\u00e1nica de Protecci\u00f3n de Datos Personales y garant\u00eda de los derechos digitales (LOPDGDD).<\/p>\n<p>&#8211; Reglamento General de Protecci\u00f3n de Datos (UE) 2016\/679.<\/p>\n<p>&#8211; Ley General para la Defensa de los Consumidores y Usuarios.<\/p>\n<\/div>\n<div>&nbsp;<\/div>\n<\/div>\n<\/div>\n<\/div>\t\t\t\t\t\t<\/div>\n\t\t\t\t<\/div>\n\t\t\t\t\t<\/div>\n\t\t<\/div>\n\t\t\t\t\t\t\t<\/div>\n\t\t<\/section>\n\t\t\t\t\t\t\t<\/div>\n\t\t","protected":false},"excerpt":{"rendered":"<p>En cumplimiento de la Ley 34\/2002, de 11 de junio, de servicios de la sociedad de la informaci\u00f3n y de comercio electr\u00f3nico (LSSI), le facilitamos informaci\u00f3n sobre el titular de la presente p\u00e1gina web: BEL\u00c9N PE\u00d1A PINTAN\u00c9 CIF: 32824279J JUAN &hellip; <a href=\"https:\/\/www.bpintane.com\/index.php\/aviso-legal\/\">Continuar<\/a><\/p>\n","protected":false},"author":1,"featured_media":0,"parent":0,"menu_order":0,"comment_status":"closed","ping_status":"closed","template":"","meta":{"kt_blocks_editor_width":""},"_links":{"self":[{"href":"https:\/\/www.bpintane.com\/index.php\/wp-json\/wp\/v2\/pages\/207"}],"collection":[{"href":"https:\/\/www.bpintane.com\/index.php\/wp-json\/wp\/v2\/pages"}],"about":[{"href":"https:\/\/www.bpintane.com\/index.php\/wp-json\/wp\/v2\/types\/page"}],"author":[{"embeddable":true,"href":"https:\/\/www.bpintane.com\/index.php\/wp-json\/wp\/v2\/users\/1"}],"replies":[{"embeddable":true,"href":"https:\/\/www.bpintane.com\/index.php\/wp-json\/wp\/v2\/comments?post=207"}],"version-history":[{"count":33,"href":"https:\/\/www.bpintane.com\/index.php\/wp-json\/wp\/v2\/pages\/207\/revisions"}],"predecessor-version":[{"id":874,"href":"https:\/\/www.bpintane.com\/index.php\/wp-json\/wp\/v2\/pages\/207\/revisions\/874"}],"wp:attachment":[{"href":"https:\/\/www.bpintane.com\/index.php\/wp-json\/wp\/v2\/media?parent=207"}],"curies":[{"name":"wp","href":"https:\/\/api.w.org\/{rel}","templated":true}]}}