{"id":221,"date":"2019-11-18T10:33:33","date_gmt":"2019-11-18T09:33:33","guid":{"rendered":"http:\/\/192.168.6.161\/wppintane\/?page_id=221"},"modified":"2022-11-18T11:14:23","modified_gmt":"2022-11-18T10:14:23","slug":"politica-de-privacidad","status":"publish","type":"page","link":"https:\/\/www.bpintane.com\/index.php\/politica-de-privacidad\/","title":{"rendered":"Pol\u00edtica de Privacidad"},"content":{"rendered":"\t\t<div data-elementor-type=\"wp-page\" data-elementor-id=\"221\" class=\"elementor elementor-221\">\n\t\t\t\t\t\t\t\t\t<section class=\"elementor-section elementor-top-section elementor-element elementor-element-090720b elementor-section-boxed elementor-section-height-default elementor-section-height-default\" data-id=\"090720b\" data-element_type=\"section\">\n\t\t\t\t\t\t<div class=\"elementor-container elementor-column-gap-default\">\n\t\t\t\t\t<div class=\"elementor-column elementor-col-100 elementor-top-column elementor-element elementor-element-1132167\" data-id=\"1132167\" data-element_type=\"column\">\n\t\t\t<div class=\"elementor-widget-wrap elementor-element-populated\">\n\t\t\t\t\t\t\t\t<div class=\"elementor-element elementor-element-bbaf31b elementor-widget elementor-widget-text-editor\" data-id=\"bbaf31b\" data-element_type=\"widget\" data-widget_type=\"text-editor.default\">\n\t\t\t\t<div class=\"elementor-widget-container\">\n\t\t\t\t\t\t\t<p>De acuerdo con lo establecido por la normativa de Protecci\u00f3n de Datos de Car\u00e1cter Personal, le informamos que est\u00e1 facilitando sus datos de car\u00e1cter personal al Responsable de Tratamiento: BEL\u00c9N PE\u00d1A PINTAN\u00c9, con direcci\u00f3n en JUAN FL\u00d3REZ , N\u00ba 36, 1\u00ba F &#8211; 15004 A CORU\u00d1A (A CORU\u00d1A) y correo electr\u00f3nico bpintane@yahoo.com.<\/p>\n<h3>1. DPO:<\/h3>\n<p>El delegado de Protecci\u00f3n de Datos de BEL\u00c9N PE\u00d1A PINTAN\u00c9 es Servicios de Adaptaci\u00f3n Continua en Protecci\u00f3n de Datos RB, SL con el que podr\u00e1 contactar en bpintane@yahoo.com.<\/p>\n<h3>2. Finalidad del tratamiento<\/h3>\n<p>Los datos recopilados ser\u00e1n \u00fanicamente los detallados en el formulario de contacto, as\u00ed como aquellos que usted mismo nos facilite en el apartado \u201cComentarios\u201d.<\/p>\n<p>BEL\u00c9N PE\u00d1A PINTAN\u00c9 podr\u00e1 tratar sus datos de car\u00e1cter personal de acuerdo con las siguientes finalidades:<\/p>\n<ul>\n<li>Gestionar su navegaci\u00f3n a trav\u00e9s del Sitio Web.<\/li>\n<li>Gestionar el servicio de Atenci\u00f3n al Usuario, para dar respuesta a las dudas, quejas, comentarios o inquietudes que pueda tener relativas a la informaci\u00f3n incluida en el Sitio Web, as\u00ed como cualesquiera otras consultas que pueda tener.<\/li>\n<li>Gestionar el cumplimiento, mantenimiento, desarrollo y control de cualesquiera relaciones que BEL\u00c9N PE\u00d1A PINTAN\u00c9 mantenga con usted.<\/li>\n<\/ul>\n<p>El hecho de no facilitar cierta informaci\u00f3n se\u00f1alada como obligatoria, puede conllevar que no sea posible gestionar su petici\u00f3n a trav\u00e9s del formulario de contacto.<\/p>\n<p>En el caso de que nos aporte Datos Personales de terceros, usted se responsabiliza de haber informado y haber obtenido el consentimiento de estos para ser aportados con las finalidades indicadas en los apartados correspondientes de la presente Pol\u00edtica de Privacidad y Cookies.<\/p>\n<h3>3. Legitimaci\u00f3n del tratamiento de sus datos de car\u00e1cter personal<\/h3>\n<p>La legitimaci\u00f3n se basa en el consentimiento que usted nos otorga al clicar el bot\u00f3n \u201cACEPTO LA POL\u00cdTICA DE PROTECCI\u00d3N DE DATOS\u201d.<\/p>\n<h3>4. Destinatarios de cesiones<\/h3>\n<p>No cederemos sus datos a terceros, salvo para dar cumplimiento a una obligaci\u00f3n legal.<\/p>\n<h3>5. Derechos<\/h3>\n<p>Por \u00faltimo, le informamos de sus derechos en materia de protecci\u00f3n de datos.<br>&#8211; Derecho a solicitar el acceso a sus datos personales.<br>&#8211; Derecho a solicitar su rectificaci\u00f3n o supresi\u00f3n (derecho al olvido).<br>&#8211; Derecho a solicitar la limitaci\u00f3n de su tratamiento, y a oponerse al tratamiento.<br>&#8211; Derecho a la portabilidad de los datos.<br>&#8211; Derecho a la retirada de consentimiento.<br>Para ejercer sus derechos no tiene m\u00e1s que realizar una solicitud por escrito y acompa\u00f1arla de una copia de su DNI. BEL\u00c9N PE\u00d1A PINTAN\u00c9 dispone de formularios adecuados al respecto. No tiene m\u00e1s que solicitarlos o bien presentar su propio escrito en bpintane@yahoo.com.<\/p>\n\n<h3>6. Medidas de seguridad<\/h3>\n<p>BEL\u00c9N PE\u00d1A PINTAN\u00c9 tiene implantadas las medidas t\u00e9cnicas y organizativas necesarias para garantizar la seguridad de sus datos de car\u00e1cter personal y evitar su alteraci\u00f3n, la p\u00e9rdida y el tratamiento y\/o el acceso no autorizado, teniendo en cuenta el estado de la tecnolog\u00eda, la naturaleza de los datos almacenados y los riesgos provenientes de la acci\u00f3n humana o del medio f\u00edsico y natural a que est\u00e1n expuestas.<\/p>\t\t\t\t\t\t<\/div>\n\t\t\t\t<\/div>\n\t\t\t\t\t<\/div>\n\t\t<\/div>\n\t\t\t\t\t\t\t<\/div>\n\t\t<\/section>\n\t\t\t\t\t\t\t<\/div>\n\t\t","protected":false},"excerpt":{"rendered":"<p>De acuerdo con lo establecido por la normativa de Protecci\u00f3n de Datos de Car\u00e1cter Personal, le informamos que est\u00e1 facilitando sus datos de car\u00e1cter personal al Responsable de Tratamiento: BEL\u00c9N PE\u00d1A PINTAN\u00c9, con direcci\u00f3n en JUAN FL\u00d3REZ , N\u00ba 36, &hellip; <a href=\"https:\/\/www.bpintane.com\/index.php\/politica-de-privacidad\/\">Continuar<\/a><\/p>\n","protected":false},"author":1,"featured_media":0,"parent":0,"menu_order":0,"comment_status":"closed","ping_status":"closed","template":"","meta":{"kt_blocks_editor_width":""},"_links":{"self":[{"href":"https:\/\/www.bpintane.com\/index.php\/wp-json\/wp\/v2\/pages\/221"}],"collection":[{"href":"https:\/\/www.bpintane.com\/index.php\/wp-json\/wp\/v2\/pages"}],"about":[{"href":"https:\/\/www.bpintane.com\/index.php\/wp-json\/wp\/v2\/types\/page"}],"author":[{"embeddable":true,"href":"https:\/\/www.bpintane.com\/index.php\/wp-json\/wp\/v2\/users\/1"}],"replies":[{"embeddable":true,"href":"https:\/\/www.bpintane.com\/index.php\/wp-json\/wp\/v2\/comments?post=221"}],"version-history":[{"count":54,"href":"https:\/\/www.bpintane.com\/index.php\/wp-json\/wp\/v2\/pages\/221\/revisions"}],"predecessor-version":[{"id":877,"href":"https:\/\/www.bpintane.com\/index.php\/wp-json\/wp\/v2\/pages\/221\/revisions\/877"}],"wp:attachment":[{"href":"https:\/\/www.bpintane.com\/index.php\/wp-json\/wp\/v2\/media?parent=221"}],"curies":[{"name":"wp","href":"https:\/\/api.w.org\/{rel}","templated":true}]}}