{"id":6,"date":"2019-11-12T11:31:56","date_gmt":"2019-11-12T10:31:56","guid":{"rendered":"http:\/\/192.168.6.161\/wppintane\/?page_id=6"},"modified":"2022-04-28T17:49:15","modified_gmt":"2022-04-28T15:49:15","slug":"inicio","status":"publish","type":"page","link":"https:\/\/www.bpintane.com\/","title":{"rendered":"INICIO"},"content":{"rendered":"\t\t<div data-elementor-type=\"wp-page\" data-elementor-id=\"6\" class=\"elementor elementor-6\">\n\t\t\t\t\t\t\t\t\t<section class=\"elementor-section elementor-top-section elementor-element elementor-element-bf575c0 elementor-section-boxed elementor-section-height-default elementor-section-height-default\" data-id=\"bf575c0\" data-element_type=\"section\">\n\t\t\t\t\t\t<div class=\"elementor-container elementor-column-gap-default\">\n\t\t\t\t\t<div class=\"elementor-column elementor-col-100 elementor-top-column elementor-element elementor-element-d06129b\" data-id=\"d06129b\" data-element_type=\"column\">\n\t\t\t<div class=\"elementor-widget-wrap elementor-element-populated\">\n\t\t\t\t\t\t\t\t<div class=\"elementor-element elementor-element-2a0bc67 elementor-widget elementor-widget-spacer\" data-id=\"2a0bc67\" data-element_type=\"widget\" data-widget_type=\"spacer.default\">\n\t\t\t\t<div class=\"elementor-widget-container\">\n\t\t\t\t\t<div class=\"elementor-spacer\">\n\t\t\t<div class=\"elementor-spacer-inner\"><\/div>\n\t\t<\/div>\n\t\t\t\t<\/div>\n\t\t\t\t<\/div>\n\t\t\t\t\t<\/div>\n\t\t<\/div>\n\t\t\t\t\t\t\t<\/div>\n\t\t<\/section>\n\t\t\t\t<section class=\"elementor-section elementor-top-section elementor-element elementor-element-113ab11 elementor-section-boxed elementor-section-height-default elementor-section-height-default\" data-id=\"113ab11\" data-element_type=\"section\">\n\t\t\t\t\t\t<div class=\"elementor-container elementor-column-gap-default\">\n\t\t\t\t\t<div class=\"elementor-column elementor-col-100 elementor-top-column elementor-element elementor-element-794c90ca\" data-id=\"794c90ca\" data-element_type=\"column\" data-settings=\"{&quot;background_background&quot;:&quot;classic&quot;}\">\n\t\t\t<div class=\"elementor-widget-wrap elementor-element-populated\">\n\t\t\t\t\t\t\t\t<div class=\"elementor-element elementor-element-983b320 elementor-widget elementor-widget-text-editor\" data-id=\"983b320\" data-element_type=\"widget\" data-widget_type=\"text-editor.default\">\n\t\t\t\t<div class=\"elementor-widget-container\">\n\t\t\t\t\t\t\t<p><!-- wp:paragraph --><\/p>\n<p align=\"justify\"><span lang=\"es-ES-u-co-trad\">Todos pasamos por momentos dif\u00edciles que influyen en nuestra manera de sentir, pensar y comportarnos<\/span>, dando <span lang=\"es-ES-u-co-trad\">como resultado aquello que llamamos <b>s\u00edntomas<\/b>, es decir, las<\/span> se\u00f1ales f\u00edsicas o emociales <span lang=\"es-ES-u-co-trad\">que nos avisan de que algo no va bien. <\/span><\/p>\n<p align=\"justify\"><span lang=\"es-ES-u-co-trad\">La terapia psicol\u00f3gica <\/span><span lang=\"es-ES-u-co-trad\">nos ayuda a encontrar formas con las que sentirnos mejor acompa\u00f1ados por un profesional especializado. <\/span><\/p>\n<p align=\"justify\">La base del tratamiento ser\u00e1 estudiar el funcionamiento del s\u00edntoma para posteriormente adquirir las <b>herramientas<\/b> necesarias para superarlo.<\/p>\n<p><!-- \/wp:paragraph --><!-- wp:paragraph --><\/p>\n<p>Las emociones son las se\u00f1ales que nos indican cu\u00e1ndo las cosas no marchan bien. Funcionan como un sem\u00e1foro: algunas emociones act\u00faan como el verde permiti\u00e9ndonos avanzar, emprender proyectos y disfrutar de la vida y en cambio otras nos bloquean y nos impiden continuar.<\/p>\n<p>\u00a0<\/p>\n<p><!-- \/wp:paragraph --><!-- wp:paragraph --><\/p>\n<p><!-- \/wp:paragraph --><\/p>\t\t\t\t\t\t<\/div>\n\t\t\t\t<\/div>\n\t\t\t\t<div class=\"elementor-element elementor-element-e330979 elementor-widget elementor-widget-image\" data-id=\"e330979\" data-element_type=\"widget\" data-widget_type=\"image.default\">\n\t\t\t\t<div class=\"elementor-widget-container\">\n\t\t\t\t\t\t\t\t\t\t\t\t\t\t\t<img width=\"1024\" height=\"220\" src=\"https:\/\/www.bpintane.com\/wp-content\/uploads\/2020\/01\/semaforo_1920-1024x220.jpg\" class=\"attachment-large size-large wp-image-413\" alt=\"\" loading=\"lazy\" srcset=\"https:\/\/www.bpintane.com\/wp-content\/uploads\/2020\/01\/semaforo_1920-1024x220.jpg 1024w, https:\/\/www.bpintane.com\/wp-content\/uploads\/2020\/01\/semaforo_1920-300x65.jpg 300w, https:\/\/www.bpintane.com\/wp-content\/uploads\/2020\/01\/semaforo_1920-768x165.jpg 768w, https:\/\/www.bpintane.com\/wp-content\/uploads\/2020\/01\/semaforo_1920.jpg 1920w\" sizes=\"(max-width: 1024px) 100vw, 1024px\" \/>\t\t\t\t\t\t\t\t\t\t\t\t\t\t\t<\/div>\n\t\t\t\t<\/div>\n\t\t\t\t<div class=\"elementor-element elementor-element-f471b55 elementor-widget elementor-widget-text-editor\" data-id=\"f471b55\" data-element_type=\"widget\" data-widget_type=\"text-editor.default\">\n\t\t\t\t<div class=\"elementor-widget-container\">\n\t\t\t\t\t\t\t<p>Esas crisis en las que el sem\u00e1foro se pone en rojo es una oportunidad para poder aprender nuevos recursos o de resolver conflictos emocionales que nos llevan acompa\u00f1ando demasiado tiempo siendo desconocedores de ello.<\/p>\t\t\t\t\t\t<\/div>\n\t\t\t\t<\/div>\n\t\t\t\t\t<\/div>\n\t\t<\/div>\n\t\t\t\t\t\t\t<\/div>\n\t\t<\/section>\n\t\t\t\t<section class=\"elementor-section elementor-top-section elementor-element elementor-element-3f2aab7 elementor-section-content-middle elementor-section-boxed elementor-section-height-default elementor-section-height-default\" data-id=\"3f2aab7\" data-element_type=\"section\" data-settings=\"{&quot;background_background&quot;:&quot;classic&quot;}\">\n\t\t\t\t\t\t<div class=\"elementor-container elementor-column-gap-no\">\n\t\t\t\t\t<div class=\"elementor-column elementor-col-100 elementor-top-column elementor-element elementor-element-1a5c17e8\" data-id=\"1a5c17e8\" data-element_type=\"column\">\n\t\t\t<div class=\"elementor-widget-wrap elementor-element-populated\">\n\t\t\t\t\t\t\t\t<div class=\"elementor-element elementor-element-617bc116 gallery-spacing-custom animated-slow elementor-invisible elementor-widget elementor-widget-image-gallery\" data-id=\"617bc116\" data-element_type=\"widget\" data-settings=\"{&quot;_animation&quot;:&quot;fadeIn&quot;}\" data-widget_type=\"image-gallery.default\">\n\t\t\t\t<div class=\"elementor-widget-container\">\n\t\t\t\t\t<div class=\"elementor-image-gallery\">\n\t\t\t<div id=\"kad-wp-gallery45\" class=\"kad-wp-gallery kad-light-wp-gallery clearfix kt-gallery-column-3 rowtight\"><div class=\"tcol-lg-4 tcol-md-4 tcol-sm-4 tcol-xs-6 tcol-ss-12 g_item\"><div class=\"grid_item kad_gallery_fade_in gallery_item\"><a href=\"https:\/\/www.bpintane.com\/wp-content\/uploads\/2022\/04\/consulta-bpintane-5-bn.jpg\" data-rel=\"lightbox\" class=\"lightboxhover\"><img loading=\"lazy\" src=\"https:\/\/www.bpintane.com\/wp-content\/uploads\/2022\/04\/consulta-bpintane-5-bn-400x400.jpg\" width=\"400\" height=\"400\" alt=\"\" srcset=\"https:\/\/www.bpintane.com\/wp-content\/uploads\/2022\/04\/consulta-bpintane-5-bn-400x400.jpg 400w, https:\/\/www.bpintane.com\/wp-content\/uploads\/2022\/04\/consulta-bpintane-5-bn-150x150.jpg 150w, https:\/\/www.bpintane.com\/wp-content\/uploads\/2022\/04\/consulta-bpintane-5-bn-800x800.jpg 800w\" sizes=\"(max-width: 400px) 100vw, 400px\" class=\"light-dropshaddow\"\/><\/a><\/div><\/div><div class=\"tcol-lg-4 tcol-md-4 tcol-sm-4 tcol-xs-6 tcol-ss-12 g_item\"><div class=\"grid_item kad_gallery_fade_in gallery_item\"><a href=\"https:\/\/www.bpintane.com\/wp-content\/uploads\/2022\/04\/consulta-bpintane-6-bn.jpg\" data-rel=\"lightbox\" class=\"lightboxhover\"><img loading=\"lazy\" src=\"https:\/\/www.bpintane.com\/wp-content\/uploads\/2022\/04\/consulta-bpintane-6-bn-400x400.jpg\" width=\"400\" height=\"400\" alt=\"\" srcset=\"https:\/\/www.bpintane.com\/wp-content\/uploads\/2022\/04\/consulta-bpintane-6-bn-400x400.jpg 400w, https:\/\/www.bpintane.com\/wp-content\/uploads\/2022\/04\/consulta-bpintane-6-bn-150x150.jpg 150w, https:\/\/www.bpintane.com\/wp-content\/uploads\/2022\/04\/consulta-bpintane-6-bn-800x800.jpg 800w\" sizes=\"(max-width: 400px) 100vw, 400px\" class=\"light-dropshaddow\"\/><\/a><\/div><\/div><div class=\"tcol-lg-4 tcol-md-4 tcol-sm-4 tcol-xs-6 tcol-ss-12 g_item\"><div class=\"grid_item kad_gallery_fade_in gallery_item\"><a href=\"https:\/\/www.bpintane.com\/wp-content\/uploads\/2022\/04\/consulta-bpintane-4-bn.jpg\" data-rel=\"lightbox\" class=\"lightboxhover\"><img loading=\"lazy\" src=\"https:\/\/www.bpintane.com\/wp-content\/uploads\/2022\/04\/consulta-bpintane-4-bn-400x400.jpg\" width=\"400\" height=\"400\" alt=\"\" srcset=\"https:\/\/www.bpintane.com\/wp-content\/uploads\/2022\/04\/consulta-bpintane-4-bn-400x400.jpg 400w, https:\/\/www.bpintane.com\/wp-content\/uploads\/2022\/04\/consulta-bpintane-4-bn-150x150.jpg 150w, https:\/\/www.bpintane.com\/wp-content\/uploads\/2022\/04\/consulta-bpintane-4-bn-800x800.jpg 800w\" sizes=\"(max-width: 400px) 100vw, 400px\" class=\"light-dropshaddow\"\/><\/a><\/div><\/div><\/div>\t\t<\/div>\n\t\t\t\t<\/div>\n\t\t\t\t<\/div>\n\t\t\t\t\t<\/div>\n\t\t<\/div>\n\t\t\t\t\t\t\t<\/div>\n\t\t<\/section>\n\t\t\t\t<section class=\"elementor-section elementor-top-section elementor-element elementor-element-fa8d614 elementor-section-boxed elementor-section-height-default elementor-section-height-default\" data-id=\"fa8d614\" data-element_type=\"section\">\n\t\t\t\t\t\t<div class=\"elementor-container elementor-column-gap-default\">\n\t\t\t\t\t<div class=\"elementor-column elementor-col-100 elementor-top-column elementor-element elementor-element-fb1691c\" data-id=\"fb1691c\" data-element_type=\"column\" data-settings=\"{&quot;background_background&quot;:&quot;classic&quot;}\">\n\t\t\t<div class=\"elementor-widget-wrap elementor-element-populated\">\n\t\t\t\t\t\t\t\t<div class=\"elementor-element elementor-element-2783f3d elementor-widget elementor-widget-text-editor\" data-id=\"2783f3d\" data-element_type=\"widget\" data-widget_type=\"text-editor.default\">\n\t\t\t\t<div class=\"elementor-widget-container\">\n\t\t\t\t\t\t\t<p>En <b>BPintan\u00e9<\/b>, cada problema se estudia de forma personalizada, estudiando cada caso y buscando de forma conjunta los objetivos de tratamiento.<\/p>\n<p>El abordaje de los problemas se realizar\u00e1 desde el paradigma cognitivo conductual junto con terapias de \u00faltima generaci\u00f3n c\u00f3mo EMDR y NEUROFEEDBACK.<\/p>\n<p>Planteamos una VALORACION INTEGRAL DE LA PERSONA, entendi\u00e9ndolo como un continuo cuerpo-mente en el que entender las se\u00f1ales f\u00edsicas o s\u00edntomas que nos transmite nuestro cuerpo conjuntamente con las manifestaciones psicol\u00f3gicas.<\/p>\n<p>Estrenamos un nuevo espacio que nos ha permitido ampliar nuestros servicios. De este modo, incorporamos una consulta m\u00e9dica de la mano de la Dra. Teresa Pe\u00f1a Pintan\u00e9, Especialista en Medicina de Familia.<\/p>\n<p>Ofrecemos una nueva herramienta terap\u00e9utica, Neurofeedback, que goza de amplia experiencia desde hace a\u00f1os en el campo de la neuropsicolog\u00eda clinica e investigaci\u00f3n.<\/p>\t\t\t\t\t\t<\/div>\n\t\t\t\t<\/div>\n\t\t\t\t\t<\/div>\n\t\t<\/div>\n\t\t\t\t\t\t\t<\/div>\n\t\t<\/section>\n\t\t\t\t<section class=\"elementor-section elementor-top-section elementor-element elementor-element-eb1a701 elementor-section-boxed elementor-section-height-default elementor-section-height-default\" data-id=\"eb1a701\" data-element_type=\"section\">\n\t\t\t\t\t\t<div class=\"elementor-container elementor-column-gap-default\">\n\t\t\t\t\t<div class=\"elementor-column elementor-col-100 elementor-top-column elementor-element elementor-element-077dbf4\" data-id=\"077dbf4\" data-element_type=\"column\">\n\t\t\t<div class=\"elementor-widget-wrap elementor-element-populated\">\n\t\t\t\t\t\t\t\t<div class=\"elementor-element elementor-element-2f7fc28 elementor-widget elementor-widget-spacer\" data-id=\"2f7fc28\" data-element_type=\"widget\" data-widget_type=\"spacer.default\">\n\t\t\t\t<div class=\"elementor-widget-container\">\n\t\t\t\t\t<div class=\"elementor-spacer\">\n\t\t\t<div class=\"elementor-spacer-inner\"><\/div>\n\t\t<\/div>\n\t\t\t\t<\/div>\n\t\t\t\t<\/div>\n\t\t\t\t\t<\/div>\n\t\t<\/div>\n\t\t\t\t\t\t\t<\/div>\n\t\t<\/section>\n\t\t\t\t<section class=\"elementor-section elementor-top-section elementor-element elementor-element-1cc3110 elementor-section-boxed elementor-section-height-default elementor-section-height-default\" data-id=\"1cc3110\" data-element_type=\"section\" data-settings=\"{&quot;background_background&quot;:&quot;gradient&quot;}\">\n\t\t\t\t\t\t<div class=\"elementor-container elementor-column-gap-default\">\n\t\t\t\t\t<div class=\"elementor-column elementor-col-100 elementor-top-column elementor-element elementor-element-0e6bc4d\" data-id=\"0e6bc4d\" data-element_type=\"column\" data-settings=\"{&quot;background_background&quot;:&quot;classic&quot;}\">\n\t\t\t<div class=\"elementor-widget-wrap elementor-element-populated\">\n\t\t\t\t\t\t\t\t<div class=\"elementor-element elementor-element-67cfcb7 elementor-widget elementor-widget-spacer\" data-id=\"67cfcb7\" data-element_type=\"widget\" data-widget_type=\"spacer.default\">\n\t\t\t\t<div class=\"elementor-widget-container\">\n\t\t\t\t\t<div class=\"elementor-spacer\">\n\t\t\t<div class=\"elementor-spacer-inner\"><\/div>\n\t\t<\/div>\n\t\t\t\t<\/div>\n\t\t\t\t<\/div>\n\t\t\t\t<div class=\"elementor-element elementor-element-cc85bdc elementor-widget elementor-widget-heading\" data-id=\"cc85bdc\" data-element_type=\"widget\" data-widget_type=\"heading.default\">\n\t\t\t\t<div class=\"elementor-widget-container\">\n\t\t\t<h3 class=\"elementor-heading-title elementor-size-default\">Si necesitas m\u00e1s informaci\u00f3n...<\/h3>\t\t<\/div>\n\t\t\t\t<\/div>\n\t\t\t\t<div class=\"elementor-element elementor-element-9fe4b66 elementor-widget elementor-widget-spacer\" data-id=\"9fe4b66\" data-element_type=\"widget\" data-widget_type=\"spacer.default\">\n\t\t\t\t<div class=\"elementor-widget-container\">\n\t\t\t\t\t<div class=\"elementor-spacer\">\n\t\t\t<div class=\"elementor-spacer-inner\"><\/div>\n\t\t<\/div>\n\t\t\t\t<\/div>\n\t\t\t\t<\/div>\n\t\t\t\t<section class=\"elementor-section elementor-inner-section elementor-element elementor-element-ae7221d elementor-section-boxed elementor-section-height-default elementor-section-height-default\" data-id=\"ae7221d\" data-element_type=\"section\">\n\t\t\t\t\t\t<div class=\"elementor-container elementor-column-gap-default\">\n\t\t\t\t\t<div class=\"elementor-column elementor-col-33 elementor-inner-column elementor-element elementor-element-402e95a\" data-id=\"402e95a\" data-element_type=\"column\">\n\t\t\t<div class=\"elementor-widget-wrap elementor-element-populated\">\n\t\t\t\t\t\t\t\t<div class=\"elementor-element elementor-element-a47d185 elementor-align-center elementor-invisible elementor-widget elementor-widget-button\" data-id=\"a47d185\" data-element_type=\"widget\" data-settings=\"{&quot;_animation&quot;:&quot;zoomIn&quot;}\" data-widget_type=\"button.default\">\n\t\t\t\t<div class=\"elementor-widget-container\">\n\t\t\t\t\t<div class=\"elementor-button-wrapper\">\n\t\t\t<a class=\"elementor-button elementor-button-link elementor-size-md\" href=\"https:\/\/bpintane.com\/index.php\/faq\/\">\n\t\t\t\t\t\t<span class=\"elementor-button-content-wrapper\">\n\t\t\t\t\t\t<span class=\"elementor-button-icon elementor-align-icon-left\">\n\t\t\t\t<i aria-hidden=\"true\" class=\"fas fa-question\"><\/i>\t\t\t<\/span>\n\t\t\t\t\t\t<span class=\"elementor-button-text\">DUDAS<\/span>\n\t\t<\/span>\n\t\t\t\t\t<\/a>\n\t\t<\/div>\n\t\t\t\t<\/div>\n\t\t\t\t<\/div>\n\t\t\t\t\t<\/div>\n\t\t<\/div>\n\t\t\t\t<div class=\"elementor-column elementor-col-33 elementor-inner-column elementor-element elementor-element-590b745\" data-id=\"590b745\" data-element_type=\"column\">\n\t\t\t<div class=\"elementor-widget-wrap elementor-element-populated\">\n\t\t\t\t\t\t\t\t<div class=\"elementor-element elementor-element-1a9a8d3 elementor-align-center elementor-invisible elementor-widget elementor-widget-button\" data-id=\"1a9a8d3\" data-element_type=\"widget\" data-settings=\"{&quot;_animation&quot;:&quot;zoomIn&quot;,&quot;_animation_delay&quot;:1000}\" data-widget_type=\"button.default\">\n\t\t\t\t<div class=\"elementor-widget-container\">\n\t\t\t\t\t<div class=\"elementor-button-wrapper\">\n\t\t\t<a class=\"elementor-button elementor-button-link elementor-size-md\" href=\"https:\/\/bpintane.com\/index.php\/tratamientos\/\">\n\t\t\t\t\t\t<span class=\"elementor-button-content-wrapper\">\n\t\t\t\t\t\t<span class=\"elementor-button-icon elementor-align-icon-left\">\n\t\t\t\t<i aria-hidden=\"true\" class=\"fas fa-heartbeat\"><\/i>\t\t\t<\/span>\n\t\t\t\t\t\t<span class=\"elementor-button-text\">TRATAMIENTOS<\/span>\n\t\t<\/span>\n\t\t\t\t\t<\/a>\n\t\t<\/div>\n\t\t\t\t<\/div>\n\t\t\t\t<\/div>\n\t\t\t\t\t<\/div>\n\t\t<\/div>\n\t\t\t\t<div class=\"elementor-column elementor-col-33 elementor-inner-column elementor-element elementor-element-a3a739e\" data-id=\"a3a739e\" data-element_type=\"column\">\n\t\t\t<div class=\"elementor-widget-wrap elementor-element-populated\">\n\t\t\t\t\t\t\t\t<div class=\"elementor-element elementor-element-c4e8860 elementor-align-center elementor-invisible elementor-widget elementor-widget-button\" data-id=\"c4e8860\" data-element_type=\"widget\" data-settings=\"{&quot;_animation&quot;:&quot;zoomIn&quot;,&quot;_animation_delay&quot;:2000}\" data-widget_type=\"button.default\">\n\t\t\t\t<div class=\"elementor-widget-container\">\n\t\t\t\t\t<div class=\"elementor-button-wrapper\">\n\t\t\t<a class=\"elementor-button elementor-button-link elementor-size-md\" href=\"https:\/\/bpintane.com\/index.php\/contacto\/\">\n\t\t\t\t\t\t<span class=\"elementor-button-content-wrapper\">\n\t\t\t\t\t\t<span class=\"elementor-button-icon elementor-align-icon-left\">\n\t\t\t\t<i aria-hidden=\"true\" class=\"fas fa-map-pin\"><\/i>\t\t\t<\/span>\n\t\t\t\t\t\t<span class=\"elementor-button-text\">DONDE ESTAMOS<\/span>\n\t\t<\/span>\n\t\t\t\t\t<\/a>\n\t\t<\/div>\n\t\t\t\t<\/div>\n\t\t\t\t<\/div>\n\t\t\t\t\t<\/div>\n\t\t<\/div>\n\t\t\t\t\t\t\t<\/div>\n\t\t<\/section>\n\t\t\t\t<div class=\"elementor-element elementor-element-30ade6f elementor-widget elementor-widget-spacer\" data-id=\"30ade6f\" data-element_type=\"widget\" data-widget_type=\"spacer.default\">\n\t\t\t\t<div class=\"elementor-widget-container\">\n\t\t\t\t\t<div class=\"elementor-spacer\">\n\t\t\t<div class=\"elementor-spacer-inner\"><\/div>\n\t\t<\/div>\n\t\t\t\t<\/div>\n\t\t\t\t<\/div>\n\t\t\t\t\t<\/div>\n\t\t<\/div>\n\t\t\t\t\t\t\t<\/div>\n\t\t<\/section>\n\t\t\t\t<section class=\"elementor-section elementor-top-section elementor-element elementor-element-7f6c0c7 elementor-section-boxed elementor-section-height-default elementor-section-height-default\" data-id=\"7f6c0c7\" data-element_type=\"section\">\n\t\t\t\t\t\t<div class=\"elementor-container elementor-column-gap-default\">\n\t\t\t\t\t<div class=\"elementor-column elementor-col-100 elementor-top-column elementor-element elementor-element-86cb66f\" data-id=\"86cb66f\" data-element_type=\"column\">\n\t\t\t<div class=\"elementor-widget-wrap elementor-element-populated\">\n\t\t\t\t\t\t\t\t<div class=\"elementor-element elementor-element-c652b25 elementor-widget elementor-widget-spacer\" data-id=\"c652b25\" data-element_type=\"widget\" data-widget_type=\"spacer.default\">\n\t\t\t\t<div class=\"elementor-widget-container\">\n\t\t\t\t\t<div class=\"elementor-spacer\">\n\t\t\t<div class=\"elementor-spacer-inner\"><\/div>\n\t\t<\/div>\n\t\t\t\t<\/div>\n\t\t\t\t<\/div>\n\t\t\t\t\t<\/div>\n\t\t<\/div>\n\t\t\t\t\t\t\t<\/div>\n\t\t<\/section>\n\t\t\t\t\t\t\t<\/div>\n\t\t","protected":false},"excerpt":{"rendered":"<p>Todos pasamos por momentos dif\u00edciles que influyen en nuestra manera de sentir, pensar y comportarnos, dando como resultado aquello que llamamos s\u00edntomas, es decir, las se\u00f1ales f\u00edsicas o emociales que nos avisan de que algo no va bien. La terapia &hellip; <a href=\"https:\/\/www.bpintane.com\/\">Continuar<\/a><\/p>\n","protected":false},"author":1,"featured_media":0,"parent":0,"menu_order":0,"comment_status":"closed","ping_status":"closed","template":"","meta":{"kt_blocks_editor_width":""},"_links":{"self":[{"href":"https:\/\/www.bpintane.com\/index.php\/wp-json\/wp\/v2\/pages\/6"}],"collection":[{"href":"https:\/\/www.bpintane.com\/index.php\/wp-json\/wp\/v2\/pages"}],"about":[{"href":"https:\/\/www.bpintane.com\/index.php\/wp-json\/wp\/v2\/types\/page"}],"author":[{"embeddable":true,"href":"https:\/\/www.bpintane.com\/index.php\/wp-json\/wp\/v2\/users\/1"}],"replies":[{"embeddable":true,"href":"https:\/\/www.bpintane.com\/index.php\/wp-json\/wp\/v2\/comments?post=6"}],"version-history":[{"count":126,"href":"https:\/\/www.bpintane.com\/index.php\/wp-json\/wp\/v2\/pages\/6\/revisions"}],"predecessor-version":[{"id":788,"href":"https:\/\/www.bpintane.com\/index.php\/wp-json\/wp\/v2\/pages\/6\/revisions\/788"}],"wp:attachment":[{"href":"https:\/\/www.bpintane.com\/index.php\/wp-json\/wp\/v2\/media?parent=6"}],"curies":[{"name":"wp","href":"https:\/\/api.w.org\/{rel}","templated":true}]}}